{"id":3604,"date":"2019-05-24T16:31:21","date_gmt":"2019-05-24T14:31:21","guid":{"rendered":"https:\/\/www.galeb-bih.com\/?post_type=product&#038;p=3604"},"modified":"2021-03-08T13:13:46","modified_gmt":"2021-03-08T12:13:46","slug":"zenska-haljina-aneta","status":"publish","type":"product","link":"https:\/\/www.galeb-bih.com\/en\/proizvod\/zenska-haljina-aneta\/","title":{"rendered":"\u017denska haljina ANETA"},"content":{"rendered":"","protected":false},"excerpt":{"rendered":"<p>\u017denska haljina ANETA<br \/>\nVeli\u010dine 38 40 42 44<br \/>\nSastav: pamuk- elastan<\/p>\n","protected":false},"featured_media":3605,"comment_status":"closed","ping_status":"closed","template":"","meta":[],"product_cat":[74,72],"product_tag":[],"yoast_head":"<!-- This site is optimized with the Yoast SEO plugin v22.3 - https:\/\/yoast.com\/wordpress\/plugins\/seo\/ -->\n<title>\u017denska haljina ANETA - GALEB<\/title>\n<meta name=\"robots\" content=\"index, follow, max-snippet:-1, max-image-preview:large, max-video-preview:-1\" \/>\n<link rel=\"canonical\" href=\"https:\/\/www.galeb-bih.com\/proizvod\/zenska-haljina-aneta\/\" \/>\n<meta property=\"og:locale\" content=\"en_US\" \/>\n<meta property=\"og:type\" content=\"article\" \/>\n<meta property=\"og:title\" content=\"\u017denska haljina ANETA - GALEB\" \/>\n<meta property=\"og:description\" content=\"\u017denska haljina ANETA Veli\u010dine 38 40 42 44 Sastav: pamuk- elastan\" \/>\n<meta property=\"og:url\" content=\"https:\/\/www.galeb-bih.com\/proizvod\/zenska-haljina-aneta\/\" \/>\n<meta property=\"og:site_name\" content=\"GALEB\" \/>\n<meta property=\"article:modified_time\" content=\"2021-03-08T12:13:46+00:00\" \/>\n<meta property=\"og:image\" content=\"https:\/\/www.galeb-bih.com\/wp-content\/uploads\/2019\/05\/photo-337.jpg\" \/>\n\t<meta property=\"og:image:width\" content=\"800\" \/>\n\t<meta property=\"og:image:height\" content=\"1200\" \/>\n\t<meta property=\"og:image:type\" content=\"image\/jpeg\" \/>\n<meta name=\"twitter:card\" content=\"summary_large_image\" \/>\n<script type=\"application\/ld+json\" class=\"yoast-schema-graph\">{\"@context\":\"https:\/\/schema.org\",\"@graph\":[{\"@type\":\"WebPage\",\"@id\":\"https:\/\/www.galeb-bih.com\/proizvod\/zenska-haljina-aneta\/\",\"url\":\"https:\/\/www.galeb-bih.com\/proizvod\/zenska-haljina-aneta\/\",\"name\":\"\u017denska haljina ANETA - GALEB\",\"isPartOf\":{\"@id\":\"https:\/\/www.galeb-bih.com\/#website\"},\"primaryImageOfPage\":{\"@id\":\"https:\/\/www.galeb-bih.com\/proizvod\/zenska-haljina-aneta\/#primaryimage\"},\"image\":{\"@id\":\"https:\/\/www.galeb-bih.com\/proizvod\/zenska-haljina-aneta\/#primaryimage\"},\"thumbnailUrl\":\"https:\/\/www.galeb-bih.com\/wp-content\/uploads\/2019\/05\/photo-337.jpg\",\"datePublished\":\"2019-05-24T14:31:21+00:00\",\"dateModified\":\"2021-03-08T12:13:46+00:00\",\"breadcrumb\":{\"@id\":\"https:\/\/www.galeb-bih.com\/proizvod\/zenska-haljina-aneta\/#breadcrumb\"},\"inLanguage\":\"en-US\",\"potentialAction\":[{\"@type\":\"ReadAction\",\"target\":[\"https:\/\/www.galeb-bih.com\/proizvod\/zenska-haljina-aneta\/\"]}]},{\"@type\":\"ImageObject\",\"inLanguage\":\"en-US\",\"@id\":\"https:\/\/www.galeb-bih.com\/proizvod\/zenska-haljina-aneta\/#primaryimage\",\"url\":\"https:\/\/www.galeb-bih.com\/wp-content\/uploads\/2019\/05\/photo-337.jpg\",\"contentUrl\":\"https:\/\/www.galeb-bih.com\/wp-content\/uploads\/2019\/05\/photo-337.jpg\",\"width\":800,\"height\":1200},{\"@type\":\"BreadcrumbList\",\"@id\":\"https:\/\/www.galeb-bih.com\/proizvod\/zenska-haljina-aneta\/#breadcrumb\",\"itemListElement\":[{\"@type\":\"ListItem\",\"position\":1,\"name\":\"Po\u010detna stranica\",\"item\":\"https:\/\/www.galeb-bih.com\/en\/\"},{\"@type\":\"ListItem\",\"position\":2,\"name\":\"Proizvodi\",\"item\":\"https:\/\/www.galeb-bih.com\/shop\/\"},{\"@type\":\"ListItem\",\"position\":3,\"name\":\"\u017denska haljina ANETA\"}]},{\"@type\":\"WebSite\",\"@id\":\"https:\/\/www.galeb-bih.com\/#website\",\"url\":\"https:\/\/www.galeb-bih.com\/\",\"name\":\"GALEB\",\"description\":\"Proizvodnja i prodaja tekstila\",\"potentialAction\":[{\"@type\":\"SearchAction\",\"target\":{\"@type\":\"EntryPoint\",\"urlTemplate\":\"https:\/\/www.galeb-bih.com\/?s={search_term_string}\"},\"query-input\":\"required name=search_term_string\"}],\"inLanguage\":\"en-US\"}]}<\/script>\n<!-- \/ Yoast SEO plugin. -->","yoast_head_json":{"title":"\u017denska haljina ANETA - GALEB","robots":{"index":"index","follow":"follow","max-snippet":"max-snippet:-1","max-image-preview":"max-image-preview:large","max-video-preview":"max-video-preview:-1"},"canonical":"https:\/\/www.galeb-bih.com\/proizvod\/zenska-haljina-aneta\/","og_locale":"en_US","og_type":"article","og_title":"\u017denska haljina ANETA - GALEB","og_description":"\u017denska haljina ANETA Veli\u010dine 38 40 42 44 Sastav: pamuk- elastan","og_url":"https:\/\/www.galeb-bih.com\/proizvod\/zenska-haljina-aneta\/","og_site_name":"GALEB","article_modified_time":"2021-03-08T12:13:46+00:00","og_image":[{"width":800,"height":1200,"url":"https:\/\/www.galeb-bih.com\/wp-content\/uploads\/2019\/05\/photo-337.jpg","type":"image\/jpeg"}],"twitter_card":"summary_large_image","schema":{"@context":"https:\/\/schema.org","@graph":[{"@type":"WebPage","@id":"https:\/\/www.galeb-bih.com\/proizvod\/zenska-haljina-aneta\/","url":"https:\/\/www.galeb-bih.com\/proizvod\/zenska-haljina-aneta\/","name":"\u017denska haljina ANETA - GALEB","isPartOf":{"@id":"https:\/\/www.galeb-bih.com\/#website"},"primaryImageOfPage":{"@id":"https:\/\/www.galeb-bih.com\/proizvod\/zenska-haljina-aneta\/#primaryimage"},"image":{"@id":"https:\/\/www.galeb-bih.com\/proizvod\/zenska-haljina-aneta\/#primaryimage"},"thumbnailUrl":"https:\/\/www.galeb-bih.com\/wp-content\/uploads\/2019\/05\/photo-337.jpg","datePublished":"2019-05-24T14:31:21+00:00","dateModified":"2021-03-08T12:13:46+00:00","breadcrumb":{"@id":"https:\/\/www.galeb-bih.com\/proizvod\/zenska-haljina-aneta\/#breadcrumb"},"inLanguage":"en-US","potentialAction":[{"@type":"ReadAction","target":["https:\/\/www.galeb-bih.com\/proizvod\/zenska-haljina-aneta\/"]}]},{"@type":"ImageObject","inLanguage":"en-US","@id":"https:\/\/www.galeb-bih.com\/proizvod\/zenska-haljina-aneta\/#primaryimage","url":"https:\/\/www.galeb-bih.com\/wp-content\/uploads\/2019\/05\/photo-337.jpg","contentUrl":"https:\/\/www.galeb-bih.com\/wp-content\/uploads\/2019\/05\/photo-337.jpg","width":800,"height":1200},{"@type":"BreadcrumbList","@id":"https:\/\/www.galeb-bih.com\/proizvod\/zenska-haljina-aneta\/#breadcrumb","itemListElement":[{"@type":"ListItem","position":1,"name":"Po\u010detna stranica","item":"https:\/\/www.galeb-bih.com\/en\/"},{"@type":"ListItem","position":2,"name":"Proizvodi","item":"https:\/\/www.galeb-bih.com\/shop\/"},{"@type":"ListItem","position":3,"name":"\u017denska haljina ANETA"}]},{"@type":"WebSite","@id":"https:\/\/www.galeb-bih.com\/#website","url":"https:\/\/www.galeb-bih.com\/","name":"GALEB","description":"Proizvodnja i prodaja tekstila","potentialAction":[{"@type":"SearchAction","target":{"@type":"EntryPoint","urlTemplate":"https:\/\/www.galeb-bih.com\/?s={search_term_string}"},"query-input":"required name=search_term_string"}],"inLanguage":"en-US"}]}},"_links":{"self":[{"href":"https:\/\/www.galeb-bih.com\/en\/wp-json\/wp\/v2\/product\/3604\/"}],"collection":[{"href":"https:\/\/www.galeb-bih.com\/en\/wp-json\/wp\/v2\/product\/"}],"about":[{"href":"https:\/\/www.galeb-bih.com\/en\/wp-json\/wp\/v2\/types\/product\/"}],"replies":[{"embeddable":true,"href":"https:\/\/www.galeb-bih.com\/en\/wp-json\/wp\/v2\/comments\/?post=3604"}],"wp:featuredmedia":[{"embeddable":true,"href":"https:\/\/www.galeb-bih.com\/en\/wp-json\/wp\/v2\/media\/3605\/"}],"wp:attachment":[{"href":"https:\/\/www.galeb-bih.com\/en\/wp-json\/wp\/v2\/media\/?parent=3604"}],"wp:term":[{"taxonomy":"product_cat","embeddable":true,"href":"https:\/\/www.galeb-bih.com\/en\/wp-json\/wp\/v2\/product_cat\/?post=3604"},{"taxonomy":"product_tag","embeddable":true,"href":"https:\/\/www.galeb-bih.com\/en\/wp-json\/wp\/v2\/product_tag\/?post=3604"}],"curies":[{"name":"wp","href":"https:\/\/api.w.org\/{rel}","templated":true}]}}