{"id":3059,"date":"2018-10-24T15:15:24","date_gmt":"2018-10-24T13:15:24","guid":{"rendered":"https:\/\/www.galeb-bih.com\/?post_type=product&#038;p=3059"},"modified":"2018-10-24T15:16:17","modified_gmt":"2018-10-24T13:16:17","slug":"zenska-pidzama-cvita","status":"publish","type":"product","link":"https:\/\/www.galeb-bih.com\/en\/proizvod\/zenska-pidzama-cvita\/","title":{"rendered":"\u017denska pid\u017eama CVITA"},"content":{"rendered":"","protected":false},"excerpt":{"rendered":"<p>\u017denska pid\u017eama CVITA<br \/>\nVeli\u010dina: 40 42 44 46<br \/>\nSastav: 96% Pamuk &#8211; 4% Elastan<\/p>\n","protected":false},"featured_media":3060,"comment_status":"closed","ping_status":"closed","template":"","meta":[],"product_cat":[72],"product_tag":[],"yoast_head":"<!-- This site is optimized with the Yoast SEO plugin v22.3 - https:\/\/yoast.com\/wordpress\/plugins\/seo\/ -->\n<title>\u017denska pid\u017eama CVITA - GALEB<\/title>\n<meta name=\"robots\" content=\"index, follow, max-snippet:-1, max-image-preview:large, max-video-preview:-1\" \/>\n<link rel=\"canonical\" href=\"https:\/\/www.galeb-bih.com\/proizvod\/zenska-pidzama-cvita\/\" \/>\n<meta property=\"og:locale\" content=\"en_US\" \/>\n<meta property=\"og:type\" content=\"article\" \/>\n<meta property=\"og:title\" content=\"\u017denska pid\u017eama CVITA - GALEB\" \/>\n<meta property=\"og:description\" content=\"\u017denska pid\u017eama CVITA Veli\u010dina: 40 42 44 46 Sastav: 96% Pamuk - 4% Elastan\" \/>\n<meta property=\"og:url\" content=\"https:\/\/www.galeb-bih.com\/proizvod\/zenska-pidzama-cvita\/\" \/>\n<meta property=\"og:site_name\" content=\"GALEB\" \/>\n<meta property=\"article:modified_time\" content=\"2018-10-24T13:16:17+00:00\" \/>\n<meta property=\"og:image\" content=\"https:\/\/www.galeb-bih.com\/wp-content\/uploads\/2018\/10\/Nalovna.jpg\" \/>\n\t<meta property=\"og:image:width\" content=\"1080\" \/>\n\t<meta property=\"og:image:height\" content=\"1620\" \/>\n\t<meta property=\"og:image:type\" content=\"image\/jpeg\" \/>\n<meta name=\"twitter:card\" content=\"summary_large_image\" \/>\n<script type=\"application\/ld+json\" class=\"yoast-schema-graph\">{\"@context\":\"https:\/\/schema.org\",\"@graph\":[{\"@type\":\"WebPage\",\"@id\":\"https:\/\/www.galeb-bih.com\/proizvod\/zenska-pidzama-cvita\/\",\"url\":\"https:\/\/www.galeb-bih.com\/proizvod\/zenska-pidzama-cvita\/\",\"name\":\"\u017denska pid\u017eama CVITA - GALEB\",\"isPartOf\":{\"@id\":\"https:\/\/www.galeb-bih.com\/#website\"},\"primaryImageOfPage\":{\"@id\":\"https:\/\/www.galeb-bih.com\/proizvod\/zenska-pidzama-cvita\/#primaryimage\"},\"image\":{\"@id\":\"https:\/\/www.galeb-bih.com\/proizvod\/zenska-pidzama-cvita\/#primaryimage\"},\"thumbnailUrl\":\"https:\/\/www.galeb-bih.com\/wp-content\/uploads\/2018\/10\/Nalovna.jpg\",\"datePublished\":\"2018-10-24T13:15:24+00:00\",\"dateModified\":\"2018-10-24T13:16:17+00:00\",\"breadcrumb\":{\"@id\":\"https:\/\/www.galeb-bih.com\/proizvod\/zenska-pidzama-cvita\/#breadcrumb\"},\"inLanguage\":\"en-US\",\"potentialAction\":[{\"@type\":\"ReadAction\",\"target\":[\"https:\/\/www.galeb-bih.com\/proizvod\/zenska-pidzama-cvita\/\"]}]},{\"@type\":\"ImageObject\",\"inLanguage\":\"en-US\",\"@id\":\"https:\/\/www.galeb-bih.com\/proizvod\/zenska-pidzama-cvita\/#primaryimage\",\"url\":\"https:\/\/www.galeb-bih.com\/wp-content\/uploads\/2018\/10\/Nalovna.jpg\",\"contentUrl\":\"https:\/\/www.galeb-bih.com\/wp-content\/uploads\/2018\/10\/Nalovna.jpg\",\"width\":1080,\"height\":1620},{\"@type\":\"BreadcrumbList\",\"@id\":\"https:\/\/www.galeb-bih.com\/proizvod\/zenska-pidzama-cvita\/#breadcrumb\",\"itemListElement\":[{\"@type\":\"ListItem\",\"position\":1,\"name\":\"Po\u010detna stranica\",\"item\":\"https:\/\/www.galeb-bih.com\/en\/\"},{\"@type\":\"ListItem\",\"position\":2,\"name\":\"Proizvodi\",\"item\":\"https:\/\/www.galeb-bih.com\/shop\/\"},{\"@type\":\"ListItem\",\"position\":3,\"name\":\"\u017denska pid\u017eama CVITA\"}]},{\"@type\":\"WebSite\",\"@id\":\"https:\/\/www.galeb-bih.com\/#website\",\"url\":\"https:\/\/www.galeb-bih.com\/\",\"name\":\"GALEB\",\"description\":\"Proizvodnja i prodaja tekstila\",\"potentialAction\":[{\"@type\":\"SearchAction\",\"target\":{\"@type\":\"EntryPoint\",\"urlTemplate\":\"https:\/\/www.galeb-bih.com\/?s={search_term_string}\"},\"query-input\":\"required name=search_term_string\"}],\"inLanguage\":\"en-US\"}]}<\/script>\n<!-- \/ Yoast SEO plugin. -->","yoast_head_json":{"title":"\u017denska pid\u017eama CVITA - GALEB","robots":{"index":"index","follow":"follow","max-snippet":"max-snippet:-1","max-image-preview":"max-image-preview:large","max-video-preview":"max-video-preview:-1"},"canonical":"https:\/\/www.galeb-bih.com\/proizvod\/zenska-pidzama-cvita\/","og_locale":"en_US","og_type":"article","og_title":"\u017denska pid\u017eama CVITA - GALEB","og_description":"\u017denska pid\u017eama CVITA Veli\u010dina: 40 42 44 46 Sastav: 96% Pamuk - 4% Elastan","og_url":"https:\/\/www.galeb-bih.com\/proizvod\/zenska-pidzama-cvita\/","og_site_name":"GALEB","article_modified_time":"2018-10-24T13:16:17+00:00","og_image":[{"width":1080,"height":1620,"url":"https:\/\/www.galeb-bih.com\/wp-content\/uploads\/2018\/10\/Nalovna.jpg","type":"image\/jpeg"}],"twitter_card":"summary_large_image","schema":{"@context":"https:\/\/schema.org","@graph":[{"@type":"WebPage","@id":"https:\/\/www.galeb-bih.com\/proizvod\/zenska-pidzama-cvita\/","url":"https:\/\/www.galeb-bih.com\/proizvod\/zenska-pidzama-cvita\/","name":"\u017denska pid\u017eama CVITA - GALEB","isPartOf":{"@id":"https:\/\/www.galeb-bih.com\/#website"},"primaryImageOfPage":{"@id":"https:\/\/www.galeb-bih.com\/proizvod\/zenska-pidzama-cvita\/#primaryimage"},"image":{"@id":"https:\/\/www.galeb-bih.com\/proizvod\/zenska-pidzama-cvita\/#primaryimage"},"thumbnailUrl":"https:\/\/www.galeb-bih.com\/wp-content\/uploads\/2018\/10\/Nalovna.jpg","datePublished":"2018-10-24T13:15:24+00:00","dateModified":"2018-10-24T13:16:17+00:00","breadcrumb":{"@id":"https:\/\/www.galeb-bih.com\/proizvod\/zenska-pidzama-cvita\/#breadcrumb"},"inLanguage":"en-US","potentialAction":[{"@type":"ReadAction","target":["https:\/\/www.galeb-bih.com\/proizvod\/zenska-pidzama-cvita\/"]}]},{"@type":"ImageObject","inLanguage":"en-US","@id":"https:\/\/www.galeb-bih.com\/proizvod\/zenska-pidzama-cvita\/#primaryimage","url":"https:\/\/www.galeb-bih.com\/wp-content\/uploads\/2018\/10\/Nalovna.jpg","contentUrl":"https:\/\/www.galeb-bih.com\/wp-content\/uploads\/2018\/10\/Nalovna.jpg","width":1080,"height":1620},{"@type":"BreadcrumbList","@id":"https:\/\/www.galeb-bih.com\/proizvod\/zenska-pidzama-cvita\/#breadcrumb","itemListElement":[{"@type":"ListItem","position":1,"name":"Po\u010detna stranica","item":"https:\/\/www.galeb-bih.com\/en\/"},{"@type":"ListItem","position":2,"name":"Proizvodi","item":"https:\/\/www.galeb-bih.com\/shop\/"},{"@type":"ListItem","position":3,"name":"\u017denska pid\u017eama CVITA"}]},{"@type":"WebSite","@id":"https:\/\/www.galeb-bih.com\/#website","url":"https:\/\/www.galeb-bih.com\/","name":"GALEB","description":"Proizvodnja i prodaja tekstila","potentialAction":[{"@type":"SearchAction","target":{"@type":"EntryPoint","urlTemplate":"https:\/\/www.galeb-bih.com\/?s={search_term_string}"},"query-input":"required name=search_term_string"}],"inLanguage":"en-US"}]}},"_links":{"self":[{"href":"https:\/\/www.galeb-bih.com\/en\/wp-json\/wp\/v2\/product\/3059\/"}],"collection":[{"href":"https:\/\/www.galeb-bih.com\/en\/wp-json\/wp\/v2\/product\/"}],"about":[{"href":"https:\/\/www.galeb-bih.com\/en\/wp-json\/wp\/v2\/types\/product\/"}],"replies":[{"embeddable":true,"href":"https:\/\/www.galeb-bih.com\/en\/wp-json\/wp\/v2\/comments\/?post=3059"}],"wp:featuredmedia":[{"embeddable":true,"href":"https:\/\/www.galeb-bih.com\/en\/wp-json\/wp\/v2\/media\/3060\/"}],"wp:attachment":[{"href":"https:\/\/www.galeb-bih.com\/en\/wp-json\/wp\/v2\/media\/?parent=3059"}],"wp:term":[{"taxonomy":"product_cat","embeddable":true,"href":"https:\/\/www.galeb-bih.com\/en\/wp-json\/wp\/v2\/product_cat\/?post=3059"},{"taxonomy":"product_tag","embeddable":true,"href":"https:\/\/www.galeb-bih.com\/en\/wp-json\/wp\/v2\/product_tag\/?post=3059"}],"curies":[{"name":"wp","href":"https:\/\/api.w.org\/{rel}","templated":true}]}}